{"id":108,"date":"2019-08-01T18:43:40","date_gmt":"2019-08-01T18:43:40","guid":{"rendered":"https:\/\/www.ma2evie.com\/?page_id=108"},"modified":"2025-07-01T14:30:27","modified_gmt":"2025-07-01T14:30:27","slug":"qui-nous-sommes-presentation-de-philippe","status":"publish","type":"page","link":"https:\/\/www.ma2evie.com\/?page_id=108","title":{"rendered":"Qui sommes-nous"},"content":{"rendered":"\n\t<div class=\"img has-hover x md-x lg-x y md-y lg-y\" id=\"image_2144449555\">\n\t\t\t\t\t\t\t\t<div class=\"img-inner image-cover dark\" style=\"padding-top:50%;\">\n\t\t\t<img width=\"1020\" height=\"680\" src=\"https:\/\/www.ma2evie.com\/wp-content\/uploads\/2021\/06\/couple-senior-heureux-1024x683.jpg\" class=\"attachment-large size-large\" alt=\"\" decoding=\"async\" loading=\"lazy\" srcset=\"https:\/\/www.ma2evie.com\/wp-content\/uploads\/2021\/06\/couple-senior-heureux-1024x683.jpg 1024w, https:\/\/www.ma2evie.com\/wp-content\/uploads\/2021\/06\/couple-senior-heureux-300x200.jpg 300w, https:\/\/www.ma2evie.com\/wp-content\/uploads\/2021\/06\/couple-senior-heureux-768x512.jpg 768w, https:\/\/www.ma2evie.com\/wp-content\/uploads\/2021\/06\/couple-senior-heureux-600x400.jpg 600w, https:\/\/www.ma2evie.com\/wp-content\/uploads\/2021\/06\/couple-senior-heureux.jpg 1200w\" sizes=\"(max-width: 1020px) 100vw, 1020px\" \/>\t\t\t\t\t\t\n\t\t\t\t\t<\/div>\n\t\t\t\t\t\t\t\t\n<style>\n#image_2144449555 {\n  width: 100%;\n}\n<\/style>\n\t<\/div>\n\t\n\n<h1>\u00a0<\/h1>\n<h1 style=\"text-align: center;\"><strong><span style=\"color: #0000ff;\">MA 2e VIE : REUSSIR SA VIE DE SENIOR !<\/span><\/strong><\/h1>\n<p><span style=\"font-size: 130%;\">Vos enfants sont maintenant devenus grands et ind\u00e9pendants, la retraite vous a d\u00e9gag\u00e9 des contraintes de la vie professionnelle, le moment est enfin venu de penser prioritairement \u00e0 vous et de <strong>profiter pleinement de ce nouveau cycle de votre existence \u2014 d&rsquo;une grande libert\u00e9 \u2014 que\u00a0repr\u00e9sente\u00a0la vie de senior, votre 2e vie !<\/strong><\/span><\/p>\n<p style=\"text-align: center;\"><span style=\"font-size: 130%;\">Cr\u00e9\u00e9 \u00e0 l\u2019initiative de Philippe Ich\u00e9-Pieraccini, entrepreneur exp\u00e9riment\u00e9 et humaniste, particuli\u00e8rement sensible au vieillissement de la population en France, et souhaitant l&rsquo;accompagner au mieux, ma2evie.com est <strong>un site portail exclusivement consacr\u00e9 aux seniors<\/strong>.<span class=\"Apple-converted-space\">\u00a0<\/span><\/span><\/p>\n<p style=\"text-align: center;\"><span style=\"font-size: 130%;\">Ce site a pour but de vous apporter des solutions concr\u00e8tes aux diff\u00e9rents besoins et attentes (logements, services \u00e0 la personne\u2026) inh\u00e9rents \u00e0 l\u2019avanc\u00e9e en \u00e2ge, afin de <strong>vous permettre de vivre dans les meilleures conditions qui soient votre \u201c2e vie\u201d\u2026 en ville, au soleil, \u00e0 la maison !<\/strong><\/span><\/p>\n<p style=\"text-align: center;\"><span style=\"font-size: 130%;\">Acteur dynamique de la Silver Economy, la Holding <strong>Seniors en Ville<\/strong>, qui englobe plusieurs domaines d&rsquo;activit\u00e9s \u00e0 destination des seniors, a pour vocation de cr\u00e9er <strong>les services, les structures et les supports de proximit\u00e9 les plus adapt\u00e9s pour vous assurer un vieillissement serein et agr\u00e9able<\/strong>. C\u2019est-\u00e0-dire dans le confort, la s\u00e9curit\u00e9, la dignit\u00e9, la sant\u00e9, l\u2019attention bienveillante, l\u2019autonomie et le bonheur de rester chez soi aussi longtemps que possible.<\/span><\/p>\n<p>\u00a0<\/p>\n<h3 style=\"text-align: center;\"><span style=\"font-size: 120%;\"><strong>\u201c<em>Vivre, c\u2019est vieillir, rien de plus.<\/em>\u201d<\/strong><\/span><\/h3>\n<p style=\"text-align: center;\">Simone de Beauvoir<\/p>\n<p>\u00a0<\/p>\n<h4 style=\"text-align: center;\">Alors, <span style=\"color: #0000ff;\"><strong>c<\/strong><strong><span style=\"color: #0000ff;\">on<\/span>tinuez de vivre dans les meilleures conditions<span class=\"Apple-converted-space\">\u00a0<\/span><\/strong><\/span><span style=\"color: #0000ff;\"><strong>avec ma2evie.com !<span class=\"Apple-converted-space\">\u00a0<\/span><\/strong><\/span><\/h4>\n\t<div class=\"img has-hover x md-x lg-x y md-y lg-y\" id=\"image_1742343382\">\n\t\t\t\t\t\t\t\t<div class=\"img-inner dark\" >\n\t\t\t<img width=\"1020\" height=\"496\" src=\"https:\/\/www.ma2evie.com\/wp-content\/uploads\/2021\/06\/logo-silver-economie-1024x498.png\" class=\"attachment-large size-large\" alt=\"\" decoding=\"async\" loading=\"lazy\" srcset=\"https:\/\/www.ma2evie.com\/wp-content\/uploads\/2021\/06\/logo-silver-economie-1024x498.png 1024w, https:\/\/www.ma2evie.com\/wp-content\/uploads\/2021\/06\/logo-silver-economie-300x146.png 300w, https:\/\/www.ma2evie.com\/wp-content\/uploads\/2021\/06\/logo-silver-economie-768x373.png 768w, https:\/\/www.ma2evie.com\/wp-content\/uploads\/2021\/06\/logo-silver-economie-1536x747.png 1536w, https:\/\/www.ma2evie.com\/wp-content\/uploads\/2021\/06\/logo-silver-economie-2048x996.png 2048w, https:\/\/www.ma2evie.com\/wp-content\/uploads\/2021\/06\/logo-silver-economie-600x292.png 600w\" sizes=\"(max-width: 1020px) 100vw, 1020px\" \/>\t\t\t\t\t\t\n\t\t\t\t\t<\/div>\n\t\t\t\t\t\t\t\t\n<style>\n#image_1742343382 {\n  width: 29%;\n}\n<\/style>\n\t<\/div>\n\t\n\n\n","protected":false},"excerpt":{"rendered":"<p>\u00a0 MA 2e VIE : REUSSIR SA VIE DE SENIOR ! Vos enfants sont maintenant devenus grands et ind\u00e9pendants, la retraite vous a d\u00e9gag\u00e9 des contraintes de la vie professionnelle, le moment est enfin venu de penser prioritairement \u00e0 vous et de profiter pleinement de ce nouveau cycle de votre existence \u2014 d&rsquo;une grande libert\u00e9 [&#8230;]\n","protected":false},"author":7,"featured_media":0,"parent":0,"menu_order":0,"comment_status":"closed","ping_status":"closed","template":"","meta":[],"yoast_head":"<!-- This site is optimized with the Yoast SEO plugin v20.0 - https:\/\/yoast.com\/wordpress\/plugins\/seo\/ -->\n<title>Qui sommes-nous -<\/title>\n<meta name=\"robots\" content=\"index, follow, max-snippet:-1, max-image-preview:large, max-video-preview:-1\" \/>\n<link rel=\"canonical\" href=\"https:\/\/www.ma2evie.com\/?page_id=108\" \/>\n<meta property=\"og:locale\" content=\"fr_FR\" \/>\n<meta property=\"og:type\" content=\"article\" \/>\n<meta property=\"og:title\" content=\"Qui sommes-nous -\" \/>\n<meta property=\"og:description\" content=\"\u00a0 MA 2e VIE : REUSSIR SA VIE DE SENIOR ! Vos enfants sont maintenant devenus grands et ind\u00e9pendants, la retraite vous a d\u00e9gag\u00e9 des contraintes de la vie professionnelle, le moment est enfin venu de penser prioritairement \u00e0 vous et de profiter pleinement de ce nouveau cycle de votre existence \u2014 d&rsquo;une grande libert\u00e9 [...]\" \/>\n<meta property=\"og:url\" content=\"https:\/\/www.ma2evie.com\/?page_id=108\" \/>\n<meta property=\"article:modified_time\" content=\"2025-07-01T14:30:27+00:00\" \/>\n<meta name=\"twitter:card\" content=\"summary_large_image\" \/>\n<meta name=\"twitter:label1\" content=\"Dur\u00e9e de lecture estim\u00e9e\" \/>\n\t<meta name=\"twitter:data1\" content=\"1 minute\" \/>\n<script type=\"application\/ld+json\" class=\"yoast-schema-graph\">{\"@context\":\"https:\/\/schema.org\",\"@graph\":[{\"@type\":\"WebPage\",\"@id\":\"https:\/\/www.ma2evie.com\/?page_id=108\",\"url\":\"https:\/\/www.ma2evie.com\/?page_id=108\",\"name\":\"Qui sommes-nous -\",\"isPartOf\":{\"@id\":\"https:\/\/www.ma2evie.com\/#website\"},\"datePublished\":\"2019-08-01T18:43:40+00:00\",\"dateModified\":\"2025-07-01T14:30:27+00:00\",\"breadcrumb\":{\"@id\":\"https:\/\/www.ma2evie.com\/?page_id=108#breadcrumb\"},\"inLanguage\":\"fr-FR\",\"potentialAction\":[{\"@type\":\"ReadAction\",\"target\":[\"https:\/\/www.ma2evie.com\/?page_id=108\"]}]},{\"@type\":\"BreadcrumbList\",\"@id\":\"https:\/\/www.ma2evie.com\/?page_id=108#breadcrumb\",\"itemListElement\":[{\"@type\":\"ListItem\",\"position\":1,\"name\":\"Accueil\",\"item\":\"https:\/\/www.ma2evie.com\/\"},{\"@type\":\"ListItem\",\"position\":2,\"name\":\"Qui sommes-nous\"}]},{\"@type\":\"WebSite\",\"@id\":\"https:\/\/www.ma2evie.com\/#website\",\"url\":\"https:\/\/www.ma2evie.com\/\",\"name\":\"\",\"description\":\"\",\"potentialAction\":[{\"@type\":\"SearchAction\",\"target\":{\"@type\":\"EntryPoint\",\"urlTemplate\":\"https:\/\/www.ma2evie.com\/?s={search_term_string}\"},\"query-input\":\"required name=search_term_string\"}],\"inLanguage\":\"fr-FR\"}]}<\/script>\n<!-- \/ Yoast SEO plugin. -->","yoast_head_json":{"title":"Qui sommes-nous -","robots":{"index":"index","follow":"follow","max-snippet":"max-snippet:-1","max-image-preview":"max-image-preview:large","max-video-preview":"max-video-preview:-1"},"canonical":"https:\/\/www.ma2evie.com\/?page_id=108","og_locale":"fr_FR","og_type":"article","og_title":"Qui sommes-nous -","og_description":"\u00a0 MA 2e VIE : REUSSIR SA VIE DE SENIOR ! Vos enfants sont maintenant devenus grands et ind\u00e9pendants, la retraite vous a d\u00e9gag\u00e9 des contraintes de la vie professionnelle, le moment est enfin venu de penser prioritairement \u00e0 vous et de profiter pleinement de ce nouveau cycle de votre existence \u2014 d&rsquo;une grande libert\u00e9 [...]","og_url":"https:\/\/www.ma2evie.com\/?page_id=108","article_modified_time":"2025-07-01T14:30:27+00:00","twitter_card":"summary_large_image","twitter_misc":{"Dur\u00e9e de lecture estim\u00e9e":"1 minute"},"schema":{"@context":"https:\/\/schema.org","@graph":[{"@type":"WebPage","@id":"https:\/\/www.ma2evie.com\/?page_id=108","url":"https:\/\/www.ma2evie.com\/?page_id=108","name":"Qui sommes-nous -","isPartOf":{"@id":"https:\/\/www.ma2evie.com\/#website"},"datePublished":"2019-08-01T18:43:40+00:00","dateModified":"2025-07-01T14:30:27+00:00","breadcrumb":{"@id":"https:\/\/www.ma2evie.com\/?page_id=108#breadcrumb"},"inLanguage":"fr-FR","potentialAction":[{"@type":"ReadAction","target":["https:\/\/www.ma2evie.com\/?page_id=108"]}]},{"@type":"BreadcrumbList","@id":"https:\/\/www.ma2evie.com\/?page_id=108#breadcrumb","itemListElement":[{"@type":"ListItem","position":1,"name":"Accueil","item":"https:\/\/www.ma2evie.com\/"},{"@type":"ListItem","position":2,"name":"Qui sommes-nous"}]},{"@type":"WebSite","@id":"https:\/\/www.ma2evie.com\/#website","url":"https:\/\/www.ma2evie.com\/","name":"","description":"","potentialAction":[{"@type":"SearchAction","target":{"@type":"EntryPoint","urlTemplate":"https:\/\/www.ma2evie.com\/?s={search_term_string}"},"query-input":"required name=search_term_string"}],"inLanguage":"fr-FR"}]}},"_links":{"self":[{"href":"https:\/\/www.ma2evie.com\/index.php?rest_route=\/wp\/v2\/pages\/108"}],"collection":[{"href":"https:\/\/www.ma2evie.com\/index.php?rest_route=\/wp\/v2\/pages"}],"about":[{"href":"https:\/\/www.ma2evie.com\/index.php?rest_route=\/wp\/v2\/types\/page"}],"author":[{"embeddable":true,"href":"https:\/\/www.ma2evie.com\/index.php?rest_route=\/wp\/v2\/users\/7"}],"replies":[{"embeddable":true,"href":"https:\/\/www.ma2evie.com\/index.php?rest_route=%2Fwp%2Fv2%2Fcomments&post=108"}],"version-history":[{"count":7,"href":"https:\/\/www.ma2evie.com\/index.php?rest_route=\/wp\/v2\/pages\/108\/revisions"}],"predecessor-version":[{"id":594,"href":"https:\/\/www.ma2evie.com\/index.php?rest_route=\/wp\/v2\/pages\/108\/revisions\/594"}],"wp:attachment":[{"href":"https:\/\/www.ma2evie.com\/index.php?rest_route=%2Fwp%2Fv2%2Fmedia&parent=108"}],"curies":[{"name":"wp","href":"https:\/\/api.w.org\/{rel}","templated":true}]}}